{"id":327,"date":"2021-04-04T06:52:19","date_gmt":"2021-04-04T04:52:19","guid":{"rendered":"https:\/\/zelimvozitibicikl.com\/?page_id=327"},"modified":"2021-09-02T10:19:15","modified_gmt":"2021-09-02T08:19:15","slug":"nasi-partneri","status":"publish","type":"page","link":"https:\/\/zelimvozitibicikl.com\/?page_id=327","title":{"rendered":"Na\u0161i partneri"},"content":{"rendered":"\n<div class=\"wp-block-image\"><figure class=\"aligncenter size-large is-resized\"><img loading=\"lazy\" src=\"https:\/\/zelimvozitibicikl.com\/wp-content\/uploads\/2021\/09\/JANAF-LOGO.png\" alt=\"\" class=\"wp-image-394\" width=\"106\" height=\"40\"\/><\/figure><\/div>\n\n\n\n<div class=\"wp-block-buttons alignfull is-content-justification-center is-vertical\">\n<div class=\"wp-block-button is-style-fill\"><a class=\"wp-block-button__link has-vivid-cyan-blue-background-color has-background\">Ministarstvo znanosti i obrazovanja<\/a><\/div>\n\n\n\n<div class=\"wp-block-button is-style-fill\"><a class=\"wp-block-button__link has-vivid-cyan-blue-background-color has-background\">Op\u0107ine : Vinica, Cestica, Petrijanec<\/a><\/div>\n\n\n\n<div class=\"wp-block-button is-style-fill\"><a class=\"wp-block-button__link has-vivid-cyan-blue-background-color has-background\">\u0160kole : Vinica, Cestica, Petrijanec, VII. O\u0160 Vara\u017edin<\/a><\/div>\n\n\n\n<div class=\"wp-block-button is-style-fill\"><a class=\"wp-block-button__link has-vivid-cyan-blue-background-color has-background\">Savezi: ZSUG Vara\u017edina, \u017dASS, HBS, BSV\u017d<\/a><\/div>\n\n\n\n<div class=\"wp-block-button is-style-fill\"><a class=\"wp-block-button__link has-vivid-cyan-blue-background-color has-background\">Privatni sponozori: Stolarija Mesek otac&amp;sin, Certus sustavi<\/a><\/div>\n\n\n\n<div class=\"wp-block-button is-style-fill\"><a class=\"wp-block-button__link has-vivid-cyan-blue-background-color has-background\">HEP<\/a><\/div>\n\n\n\n<div class=\"wp-block-button is-style-fill\"><a class=\"wp-block-button__link has-vivid-cyan-blue-background-color has-background\">HAK<\/a><\/div>\n<\/div>\n","protected":false},"excerpt":{"rendered":"","protected":false},"author":2,"featured_media":394,"parent":0,"menu_order":0,"comment_status":"closed","ping_status":"closed","template":"","meta":[],"_links":{"self":[{"href":"https:\/\/zelimvozitibicikl.com\/index.php?rest_route=\/wp\/v2\/pages\/327"}],"collection":[{"href":"https:\/\/zelimvozitibicikl.com\/index.php?rest_route=\/wp\/v2\/pages"}],"about":[{"href":"https:\/\/zelimvozitibicikl.com\/index.php?rest_route=\/wp\/v2\/types\/page"}],"author":[{"embeddable":true,"href":"https:\/\/zelimvozitibicikl.com\/index.php?rest_route=\/wp\/v2\/users\/2"}],"replies":[{"embeddable":true,"href":"https:\/\/zelimvozitibicikl.com\/index.php?rest_route=%2Fwp%2Fv2%2Fcomments&post=327"}],"version-history":[{"count":30,"href":"https:\/\/zelimvozitibicikl.com\/index.php?rest_route=\/wp\/v2\/pages\/327\/revisions"}],"predecessor-version":[{"id":403,"href":"https:\/\/zelimvozitibicikl.com\/index.php?rest_route=\/wp\/v2\/pages\/327\/revisions\/403"}],"wp:featuredmedia":[{"embeddable":true,"href":"https:\/\/zelimvozitibicikl.com\/index.php?rest_route=\/wp\/v2\/media\/394"}],"wp:attachment":[{"href":"https:\/\/zelimvozitibicikl.com\/index.php?rest_route=%2Fwp%2Fv2%2Fmedia&parent=327"}],"curies":[{"name":"wp","href":"https:\/\/api.w.org\/{rel}","templated":true}]}}