{"id":30,"date":"2020-10-15T07:41:00","date_gmt":"2020-10-15T05:41:00","guid":{"rendered":"https:\/\/zelimvozitibicikl.com\/?page_id=30"},"modified":"2021-04-04T06:28:01","modified_gmt":"2021-04-04T04:28:01","slug":"slozena-stranica","status":"publish","type":"page","link":"https:\/\/zelimvozitibicikl.com\/?page_id=30","title":{"rendered":"Biciklisti\u010dki savez Vara\u017edinske \u017eupanije"},"content":{"rendered":"\n<p>BASK VINICA &#8211; NAJBOLJI KLUB U 2020 GODINI <\/p>\n\n\n\n<p>REZULTATI POBJEDNIKA NA DR\u017dAVNIM PRVENSTVIMA<\/p>\n\n\n\n<ul><li>1. MJESTO DR\u017dAVNO PRVENSTVO EKIPNO ELITE \u017dENE (GALEKOVI\u0106,VRHAR, PETROVI\u0106)<\/li><li>1. MJESTO DO 14 GODINA &#8211; \u017d CIKLOKROS &#8211; GABRIELA KROBOT<\/li><li>2. MJESTO DO 14 GODINA &#8211; \u017d &#8211; CIKLOKROS &#8211; MERY KUSERBANJ<\/li><li>2. MJESTO DO 13 GODINA &#8211; \u017d &#8211; CIKLOKROS &#8211; LEA SPEVAN<\/li><li>2. MJESTO DO 7 GODINA &#8211; M &#8211; XCO &#8211; MTB &#8211; TOMA \u0160TIMEC PROTRKA<\/li><li>2. MJESTO DO 9 GDOINA &#8211; M &#8211; XCO &#8211; MTB &#8211; BENJAMIN IAN \u0160IPEK<\/li><li>3. MJESTO DO 13 GODINA &#8211; \u017d &#8211; CIKLOKROS &#8211; SARA SPEVAN<\/li><\/ul>\n\n\n\n<p>KATEGORIZIRANI SPORTA\u0160I PREMA HOO<\/p>\n\n\n\n<ul><li>IV. KATEGORIJA ANA MARIJA GALEKOVI\u0106<\/li><li>IV KATEGORIJA MIA VRHAR<\/li><\/ul>\n\n\n\n<p><\/p>\n\n\n\n<p>\u010cESTITAMO !!!<\/p>\n","protected":false},"excerpt":{"rendered":"<p>BASK VINICA &#8211; NAJBOLJI KLUB U 2020 GODINI REZULTATI POBJEDNIKA NA DR\u017dAVNIM PRVENSTVIMA 1. MJESTO DR\u017dAVNO PRVENSTVO EKIPNO ELITE \u017dENE (GALEKOVI\u0106,VRHAR, PETROVI\u0106) 1. MJESTO DO 14 GODINA &#8211; \u017d CIKLOKROS &#8211; GABRIELA KROBOT 2. MJESTO DO 14 GODINA &#8211; \u017d &#8211; CIKLOKROS &#8211; MERY KUSERBANJ 2. MJESTO DO 13 GODINA &#8211; \u017d &#8211; CIKLOKROS &#8211; &hellip;<br \/><a href=\"https:\/\/zelimvozitibicikl.com\/?page_id=30\" class=\"more-link pen_button pen_element_default pen_icon_arrow_double\">Nastavite \u010ditati <span class=\"screen-reader-text\">Biciklisti\u010dki savez Vara\u017edinske \u017eupanije<\/span><\/a><\/p>\n","protected":false},"author":2,"featured_media":0,"parent":304,"menu_order":0,"comment_status":"closed","ping_status":"closed","template":"","meta":[],"_links":{"self":[{"href":"https:\/\/zelimvozitibicikl.com\/index.php?rest_route=\/wp\/v2\/pages\/30"}],"collection":[{"href":"https:\/\/zelimvozitibicikl.com\/index.php?rest_route=\/wp\/v2\/pages"}],"about":[{"href":"https:\/\/zelimvozitibicikl.com\/index.php?rest_route=\/wp\/v2\/types\/page"}],"author":[{"embeddable":true,"href":"https:\/\/zelimvozitibicikl.com\/index.php?rest_route=\/wp\/v2\/users\/2"}],"replies":[{"embeddable":true,"href":"https:\/\/zelimvozitibicikl.com\/index.php?rest_route=%2Fwp%2Fv2%2Fcomments&post=30"}],"version-history":[{"count":10,"href":"https:\/\/zelimvozitibicikl.com\/index.php?rest_route=\/wp\/v2\/pages\/30\/revisions"}],"predecessor-version":[{"id":193,"href":"https:\/\/zelimvozitibicikl.com\/index.php?rest_route=\/wp\/v2\/pages\/30\/revisions\/193"}],"up":[{"embeddable":true,"href":"https:\/\/zelimvozitibicikl.com\/index.php?rest_route=\/wp\/v2\/pages\/304"}],"wp:attachment":[{"href":"https:\/\/zelimvozitibicikl.com\/index.php?rest_route=%2Fwp%2Fv2%2Fmedia&parent=30"}],"curies":[{"name":"wp","href":"https:\/\/api.w.org\/{rel}","templated":true}]}}