{"id":149,"date":"2020-12-05T22:05:16","date_gmt":"2020-12-05T20:05:16","guid":{"rendered":"https:\/\/zelimvozitibicikl.com\/?page_id=149"},"modified":"2021-04-04T08:13:23","modified_gmt":"2021-04-04T06:13:23","slug":"video","status":"publish","type":"page","link":"https:\/\/zelimvozitibicikl.com\/?page_id=149","title":{"rendered":"Sigurna vo\u017enja bicikla &#8211; VIDEO"},"content":{"rendered":"\n<p class=\"has-text-align-center\"><a href=\"https:\/\/www.youtube.com\/watch?v=DBTcNguhyhk\" target=\"_blank\" rel=\"noreferrer noopener\">Stavljanje kacige na glavu<\/a><\/p>\n\n\n\n<p class=\"has-text-align-center\"><a href=\"https:\/\/www.youtube.com\/watch?v=Ym2y28DVdj8\" target=\"_blank\" rel=\"noreferrer noopener\">Start<\/a><\/p>\n\n\n\n<p class=\"has-text-align-center\"><a href=\"https:\/\/www.youtube.com\/watch?v=wQhoapKdSXs\" target=\"_blank\" rel=\"noreferrer noopener\">Vo\u017enja u krugu<\/a><\/p>\n\n\n\n<p class=\"has-text-align-center\"><a href=\"https:\/\/www.youtube.com\/watch?v=qzW9fSxVnyA\" target=\"_blank\" rel=\"noreferrer noopener\">Osmica<\/a><\/p>\n\n\n\n<p class=\"has-text-align-center\"><a href=\"https:\/\/www.youtube.com\/watch?v=q1wEOTwf05Q\">Slal<\/a><a href=\"https:\/\/www.youtube.com\/watch?v=q1wEOTwf05Q\" target=\"_blank\" rel=\"noreferrer noopener\">o<\/a><a href=\"https:\/\/www.youtube.com\/watch?v=q1wEOTwf05Q\">m<\/a><\/p>\n\n\n\n<p class=\"has-text-align-center\"><a href=\"https:\/\/www.youtube.com\/watch?v=wXvYcPtMrH4\" target=\"_blank\" rel=\"noreferrer noopener\">Vo\u017enja u pravcu su\u017eenje<\/a><\/p>\n\n\n\n<p class=\"has-text-align-center\"><a href=\"https:\/\/www.youtube.com\/watch?v=g5nQy2tHruw\" target=\"_blank\" rel=\"noreferrer noopener\">Uska daska<\/a><\/p>\n\n\n\n<p class=\"has-text-align-center\"><a href=\"https:\/\/www.youtube.com\/watch?v=ALpOcqi03OU\" target=\"_blank\" rel=\"noreferrer noopener\">Zaustavljanje<\/a><\/p>\n\n\n\n<p><\/p>\n","protected":false},"excerpt":{"rendered":"<p>Stavljanje kacige na glavu Start Vo\u017enja u krugu Osmica Slalom Vo\u017enja u pravcu su\u017eenje Uska daska Zaustavljanje<\/p>\n","protected":false},"author":2,"featured_media":0,"parent":2,"menu_order":0,"comment_status":"closed","ping_status":"closed","template":"","meta":[],"_links":{"self":[{"href":"https:\/\/zelimvozitibicikl.com\/index.php?rest_route=\/wp\/v2\/pages\/149"}],"collection":[{"href":"https:\/\/zelimvozitibicikl.com\/index.php?rest_route=\/wp\/v2\/pages"}],"about":[{"href":"https:\/\/zelimvozitibicikl.com\/index.php?rest_route=\/wp\/v2\/types\/page"}],"author":[{"embeddable":true,"href":"https:\/\/zelimvozitibicikl.com\/index.php?rest_route=\/wp\/v2\/users\/2"}],"replies":[{"embeddable":true,"href":"https:\/\/zelimvozitibicikl.com\/index.php?rest_route=%2Fwp%2Fv2%2Fcomments&post=149"}],"version-history":[{"count":8,"href":"https:\/\/zelimvozitibicikl.com\/index.php?rest_route=\/wp\/v2\/pages\/149\/revisions"}],"predecessor-version":[{"id":387,"href":"https:\/\/zelimvozitibicikl.com\/index.php?rest_route=\/wp\/v2\/pages\/149\/revisions\/387"}],"up":[{"embeddable":true,"href":"https:\/\/zelimvozitibicikl.com\/index.php?rest_route=\/wp\/v2\/pages\/2"}],"wp:attachment":[{"href":"https:\/\/zelimvozitibicikl.com\/index.php?rest_route=%2Fwp%2Fv2%2Fmedia&parent=149"}],"curies":[{"name":"wp","href":"https:\/\/api.w.org\/{rel}","templated":true}]}}